{"id":13837,"date":"2022-09-08T21:22:32","date_gmt":"2022-09-09T00:22:32","guid":{"rendered":"https:\/\/aeropuertosuruguay.com.uy\/carrasco\/?page_id=13837"},"modified":"2026-01-17T12:22:28","modified_gmt":"2026-01-17T15:22:28","slug":"airlines","status":"publish","type":"page","link":"https:\/\/aeropuertodecarrasco.com.uy\/en\/airlines\/","title":{"rendered":"Airlines"},"content":{"rendered":"\t\t<div data-elementor-type=\"wp-page\" data-elementor-id=\"13837\" class=\"elementor elementor-13837 elementor-12269\" data-elementor-post-type=\"page\">\n\t\t\t\t<div class=\"elementor-element elementor-element-f627b40 e-flex e-con-boxed e-con e-parent\" data-id=\"f627b40\" data-element_type=\"container\" data-e-type=\"container\">\n\t\t\t\t\t<div class=\"e-con-inner\">\n\t\t\t\t<div class=\"elementor-element elementor-element-d3a78ca elementor-widget elementor-widget-heading\" data-id=\"d3a78ca\" data-element_type=\"widget\" data-e-type=\"widget\" data-widget_type=\"heading.default\">\n\t\t\t\t<div class=\"elementor-widget-container\">\n\t\t\t\t\t<h2 class=\"elementor-heading-title elementor-size-default\">Airlines contact information<\/h2>\t\t\t\t<\/div>\n\t\t\t\t<\/div>\n\t\t<div class=\"elementor-element elementor-element-c126cf8 e-flex e-con-boxed e-con e-child\" data-id=\"c126cf8\" data-element_type=\"container\" data-e-type=\"container\">\n\t\t\t\t\t<div class=\"e-con-inner\">\n\t\t\t\t<div class=\"elementor-element elementor-element-f787cdf elementor-widget elementor-widget-html\" data-id=\"f787cdf\" data-element_type=\"widget\" data-e-type=\"widget\" data-widget_type=\"html.default\">\n\t\t\t\t<div class=\"elementor-widget-container\">\n\t\t\t\t\t<script>\ndocument.addEventListener('DOMContentLoaded', function() {\n  const accordions = document.querySelectorAll('.acordeon-accesible details');\n\n  accordions.forEach(accordion => {\n    accordion.addEventListener('toggle', (event) => {\n      if (accordion.open) {\n        accordions.forEach(otherAccordion => {\n          if (otherAccordion !== accordion && otherAccordion.open) {\n            otherAccordion.open = false;\n          }\n        });\n      }\n    });\n  });\n});\n<\/script>\t\t\t\t<\/div>\n\t\t\t\t<\/div>\n\t\t<div class=\"elementor-element elementor-element-50f2b0c e-flex e-con-boxed e-con e-child\" data-id=\"50f2b0c\" data-element_type=\"container\" data-e-type=\"container\">\n\t\t\t\t\t<div class=\"e-con-inner\">\n\t\t\t\t<div class=\"elementor-element elementor-element-a9dc801 elementor-widget elementor-widget-html\" data-id=\"a9dc801\" data-element_type=\"widget\" data-e-type=\"widget\" data-widget_type=\"html.default\">\n\t\t\t\t<div class=\"elementor-widget-container\">\n\t\t\t\t\t<div class=\"acordeon-accesible\">\n  <details>\n    <summary>Aerol\u00edneas Argentinas<\/summary>\n    <div class=\"contenido-acordeon\">\n      <section aria-labelledby=\"contact-aerolineas-argentinas\">\n        <p><strong>Email:<\/strong> <a href=\"mailto:ventasmvd@aerolineas.com.ar\">ventasmvd@aerolineas.com.ar<\/a><\/p>\n        <p><a href=\"https:\/\/www.aerolineas.com.ar\" target=\"_blank\" rel=\"noopener noreferrer\">Visit Aerol\u00edneas Argentinas website<\/a><\/p>\n        <p><strong>WhatsApp:<\/strong> <a href=\"https:\/\/wa.me\/54992274767\">(+549) 92 274 767<\/a><br>\n           Monday to Friday from 9:00 AM to 6:00 PM<\/p>\n        <p><strong>Phone:<\/strong> <a href=\"tel:+59826044108\">26044108<\/a><\/p>\n        <p><strong>Address:<\/strong> Avda. de las Am\u00e9ricas 5120<\/p>\n        <p><strong>Phone:<\/strong> <a href=\"tel:+59826040013\">(+598) 2604 0013<\/a><\/p>\n        <p><strong>Fax:<\/strong> <a href=\"tel:+59826040011\">(+598) 2604 0011 ext. 108<\/a><\/p>\n      <\/section>\n    <\/div>\n  <\/details>\n\n  <details>\n    <summary>Aerom\u00e1s<\/summary>\n    <div class=\"contenido-acordeon\">\n      <section aria-labelledby=\"contact-aeromas\">\n        <p><strong>Email:<\/strong> <a href=\"mailto:aeromas@aeromas.com\">aeromas@aeromas.com<\/a><\/p>\n        <p><a href=\"https:\/\/www.aeromas.com\" target=\"_blank\" rel=\"noopener noreferrer\">Visit Aerom\u00e1s website<\/a><\/p>\n        <p><strong>Location:<\/strong> Carrasco Airport<\/p>\n        <p><strong>Phone:<\/strong> <a href=\"tel:+59826040294\">(+598) 2604 0294<\/a><\/p>\n      <\/section>\n    <\/div>\n  <\/details>\n\n  <details>\n    <summary>Air Class<\/summary>\n    <div class=\"contenido-acordeon\">\n      <section aria-labelledby=\"contact-air-class\">\n        <p><strong>Airport Phone:<\/strong> <a href=\"tel:+59826040315\">(+598) 2604 0315<\/a><\/p>\n        <p><strong>Airport Fax:<\/strong> <a href=\"tel:+59826040335\">(+598) 2604 0335<\/a><\/p>\n        <p><strong>Information:<\/strong> <a href=\"tel:+59826040329\">(+598) 2604 0329 ext. 1208<\/a><\/p>\n        <p><strong>Email:<\/strong> <a href=\"mailto:info@airclass.com.uy\">info@airclass.com.uy<\/a><\/p>\n        <p><strong>Reservations:<\/strong> <a href=\"mailto:reservas@airclass.com.uy\">reservas@airclass.com.uy<\/a><\/p>\n        <p><a href=\"https:\/\/www.airclass.com.uy\" target=\"_blank\" rel=\"noopener noreferrer\">Visit Air Class website<\/a><\/p>\n      <\/section>\n    <\/div>\n  <\/details>\n\n  <details>\n    <summary>Air Europa<\/summary>\n    <div class=\"contenido-acordeon\">\n      <section aria-labelledby=\"contact-air-europa\">\n        <p><strong>Address:<\/strong> Sales Office at Carrasco Airport, 2nd Level, East Side.<\/p>\n        <p><strong>Opening Hours:<\/strong><br>\n           Monday to Friday from 9:00 AM to 3:00 PM<br>\n           Saturday from 9:00 AM to 1:00 PM<\/p>\n        <p><strong>Phone:<\/strong> <a href=\"tel:+59826040985\">(+598) 2604 0985<\/a> (Information, sales and post-sales)<\/p>\n        <p><strong>Phone:<\/strong> <a href=\"tel:+5090004054581\">+50900 0405 4581<\/a> (24-hour service in Spanish and English)<\/p>\n        <p><strong>Baggage (delayed, lost or damaged):<\/strong><br>\n           <strong>International Phone:<\/strong> <a href=\"tel:+34911360190\">+34 911 360 190<\/a><br>\n           Hours: 9:00 AM \u2013 6:00 PM (Madrid time), Monday to Friday (working days)<\/p>\n        <p><a href=\"https:\/\/www.aireuropa.com\" target=\"_blank\" rel=\"noopener noreferrer\">Visit Air Europa website<\/a><\/p>\n      <\/section>\n    <\/div>\n  <\/details>\n\n  <details>\n    <summary>Air France<\/summary>\n    <div class=\"contenido-acordeon\">\n      <section aria-labelledby=\"contact-air-france\">\n        <p><strong>Call Center:<\/strong> <a href=\"tel:+59829030995\">2903 0995<\/a><br>\n           Hours: Monday to Friday from 8:00 AM to 8:00 PM,<br>\n           Saturday and Sunday from 9:00 AM to 5:00 PM<\/p>\n        <p><strong>Additional Phone:<\/strong> <a href=\"tel:+59829030997\">2903 0997<\/a><\/p>\n        <p><a href=\"https:\/\/www.airfrance.com\" target=\"_blank\" rel=\"noopener noreferrer\">Visit Air France website<\/a><\/p>\n      <\/section>\n    <\/div>\n  <\/details>\n\n  <details>\n    <summary>American Airlines<\/summary>\n    <div class=\"contenido-acordeon\">\n      <section aria-labelledby=\"contact-american-airlines\">\n        <p><strong>Call Center Uruguay:<\/strong> <a href=\"tel:00040190834\">000-4019-0834<\/a> (24 hours)<\/p>\n        <p><strong>Location:<\/strong> Montevideo Shopping Center, Luis Alberto de Herrera 1290, unit 2434, Second floor<\/p>\n        <p><strong>Customer Service Hours:<\/strong> Daily from 10:00 AM to 10:00 PM<\/p>\n        <p><a href=\"https:\/\/www.aa.com\" target=\"_blank\" rel=\"noopener noreferrer\">Visit American Airlines website<\/a><\/p>\n      <\/section>\n    <\/div>\n  <\/details>\n<\/div>\n\t\t\t\t<\/div>\n\t\t\t\t<\/div>\n\t\t\t\t\t<\/div>\n\t\t\t\t<\/div>\n\t\t<div class=\"elementor-element elementor-element-f3dc401 e-flex e-con-boxed e-con e-child\" data-id=\"f3dc401\" data-element_type=\"container\" data-e-type=\"container\">\n\t\t\t\t\t<div class=\"e-con-inner\">\n\t\t\t\t<div class=\"elementor-element elementor-element-3d244ac elementor-widget__width-initial elementor-widget elementor-widget-html\" data-id=\"3d244ac\" data-element_type=\"widget\" data-e-type=\"widget\" data-widget_type=\"html.default\">\n\t\t\t\t<div class=\"elementor-widget-container\">\n\t\t\t\t\t<div class=\"acordeon-accesible\">\n  <details>\n    <summary>Avianca<\/summary>\n    <div class=\"contenido-acordeon\">\n      <section aria-labelledby=\"contact-avianca\">\n        <p><strong>Call Center:<\/strong> <a href=\"tel:0004054036\">000 405 4036<\/a><\/p>\n        <p><a href=\"https:\/\/www.avianca.com\" target=\"_blank\" rel=\"noopener noreferrer\">Visit Avianca website<\/a><\/p>\n      <\/section>\n    <\/div>\n  <\/details>\n  \n  <details>\n    <summary>Azul<\/summary>\n    <div class=\"contenido-acordeon\">\n      <section aria-labelledby=\"contact-azul\">\n        <p><strong>Phone:<\/strong> <a href=\"tel:+59826040985\">(+598) 2604 0985<\/a><\/p>\n        <p><strong>Call Center:<\/strong> <a href=\"tel:0004135985192\">000 4135 985 192<\/a><\/p>\n        <p><a href=\"https:\/\/www.voeazul.com.br\" target=\"_blank\" rel=\"noopener noreferrer\">Visit Azul website<\/a><\/p>\n      <\/section>\n    <\/div>\n  <\/details>\n  \n  <details>\n    <summary>Copa Airlines<\/summary>\n    <div class=\"contenido-acordeon\">\n      <section aria-labelledby=\"contact-copa\">\n        <h2 id=\"contact-copa\">Copa Airlines<\/h2>\n        <p><strong>Commercial Office:<\/strong><br>\n           Luis A. de Herrera 1248, Tower 3, Unit 043<br>\n           World Trade Center<\/p>\n        <p><strong>Opening Hours:<\/strong> Monday to Friday from 9:00 AM to 5:30 PM<\/p>\n        <p><strong>Phone:<\/strong> <a href=\"tel:+59826261000\">26 26 1000<\/a><\/p>\n        <p><strong>Call Center Hours:<\/strong> From 7:00 AM to 1:00 AM (Uruguay time)<\/p>\n        <p><a href=\"https:\/\/www.copaair.com\" target=\"_blank\" rel=\"noopener noreferrer\">Visit Copa Airlines website<\/a><\/p>\n      <\/section>\n    <\/div>\n  <\/details>\n  \n  <details>\n    <summary>Gol Linhas A\u00e9reas<\/summary>\n    <div class=\"contenido-acordeon\">\n      <section aria-labelledby=\"contact-gol\">\n        <h2 id=\"contact-gol\">Gol<\/h2>\n        <p><strong>Call Center:<\/strong> <a href=\"tel:00040190895\">000 4019 0895<\/a> (24 hours)<\/p>\n        <p><strong>Airport:<\/strong> <a href=\"tel:+59826060901\">(+598) 2606 0901<\/a> \/ 02 \/ 03<\/p>\n        <p><strong>Hours:<\/strong> Daily from 10:30 AM to 5:00 PM<\/p>\n        <p><a href=\"https:\/\/www.voegol.com.br\" target=\"_blank\" rel=\"noopener noreferrer\">Visit Gol website<\/a><\/p>\n      <\/section>\n    <\/div>\n  <\/details>\n  \n  <details>\n    <summary>Iberia<\/summary>\n    <div class=\"contenido-acordeon\">\n      <section aria-labelledby=\"contact-iberia\">\n        <h2 id=\"contact-iberia\">Iberia<\/h2>\n        <p><strong>Address:<\/strong> Colonia 975, Postal Code 11100<\/p>\n        <p><strong>Call Center:<\/strong> <a href=\"tel:0004054212\">000 405 4212<\/a><br>\n           Information, reservations and baggage support<br>\n           Available 24\/7 (Spanish and English)<\/p>\n        <p><strong>Montevideo Office:<\/strong><br>\n           Colonia 975, Postal Code 11100, Montevideo<\/p>\n        <p><strong>Office Hours:<\/strong> Monday to Friday from 10:00 AM to 4:00 PM<\/p>\n        <p><a href=\"https:\/\/www.iberia.com\" target=\"_blank\" rel=\"noopener noreferrer\">Visit Iberia website<\/a><\/p>\n      <\/section>\n    <\/div>\n  <\/details>\n<\/div>\n\t\t\t\t<\/div>\n\t\t\t\t<\/div>\n\t\t\t\t\t<\/div>\n\t\t\t\t<\/div>\n\t\t<div class=\"elementor-element elementor-element-6db8e54 e-flex e-con-boxed e-con e-child\" data-id=\"6db8e54\" data-element_type=\"container\" data-e-type=\"container\">\n\t\t\t\t\t<div class=\"e-con-inner\">\n\t\t\t\t<div class=\"elementor-element elementor-element-dca1431 elementor-widget elementor-widget-html\" data-id=\"dca1431\" data-element_type=\"widget\" data-e-type=\"widget\" data-widget_type=\"html.default\">\n\t\t\t\t<div class=\"elementor-widget-container\">\n\t\t\t\t\t<div class=\"acordeon-accesible\">\n  <details>\n    <summary>JetSmart<\/summary>\n    <div class=\"contenido-acordeon\">\n      <section aria-labelledby=\"contact-jetsmart\">\n        <p><strong>Ticket sales:<\/strong> <a href=\"https:\/\/www.jetsmart.com\" target=\"_blank\" rel=\"noopener noreferrer\">Visit JetSmart website<\/a><\/p>\n        <p><strong>Phone:<\/strong> <a href=\"tel:+56227318787\">+56 22 731 87 87<\/a><\/p>\n      <\/section>\n    <\/div>\n  <\/details>\n\n  <details>\n    <summary>KLM<\/summary>\n    <div class=\"contenido-acordeon\">\n      <section aria-labelledby=\"contact-klm\">\n        <p><strong>Call Center:<\/strong> <a href=\"tel:+59829030995\">2903 0995<\/a><br>\n           Monday to Friday from 8:00 AM to 8:00 PM,<br>\n           Saturday and Sunday from 9:00 AM to 5:00 PM<\/p>\n        <p><strong>Montevideo Office:<\/strong><br>\n           Torre de los Profesionales, Yaguar\u00f3n 1427, Unit 10<\/p>\n        <p><strong>Phone:<\/strong> <a href=\"tel:+59829030097\">(+598) 2903 0097<\/a><\/p>\n        <p><a href=\"https:\/\/www.klm.com\" target=\"_blank\" rel=\"noopener noreferrer\">Visit KLM website<\/a><\/p>\n      <\/section>\n    <\/div>\n  <\/details>\n\n  <details>\n    <summary>LATAM Airlines<\/summary>\n    <div class=\"contenido-acordeon\">\n      <section aria-labelledby=\"contact-latam\">\n        <h2 id=\"contact-latam\">LATAM<\/h2>\n        <p><strong>Operations office address (not open to public):<\/strong><br>\n           Carrasco International Airport,<br>\n           Ruta 101 Capit\u00e1n Juan Antonio Artigas, 14000 Ciudad de la Costa,<br>\n           Canelones Department<\/p>\n        <p><strong>Customer Service Phone:<\/strong> <a href=\"tel:00040190223\">000 4019 0223<\/a><\/p>\n        <p><a href=\"https:\/\/www.latam.com\" target=\"_blank\" rel=\"noopener noreferrer\">Visit LATAM website<\/a><\/p>\n      <\/section>\n    <\/div>\n  <\/details>\n\n  <details>\n    <summary>Paranair<\/summary>\n    <div class=\"contenido-acordeon\">\n      <section aria-labelledby=\"contact-paranair\"> \n        <!-- Note: The original had \"contacto-summerwind\" but the content is about Paranair.\n             I've updated the aria-labelledby to better reflect the content for accessibility. -->\n \n  <p><strong>Email:<\/strong> <a href=\"mailto:ventas1.uy@paranair.com\">ventas1.uy@paranair.com<\/a><\/p>\n  <p><strong>Call Center:<\/strong> <a href=\"tel:0004054050\n\">0004054050\n<\/a><\/p>\n  <p><strong>Address:<\/strong> Saldanha da Gama 3622 office 509, Montevideo.<\/p>\n  <p><strong>Opening Hours:<\/strong> Monday to Friday from 9 AM to 5 PM<\/p>\n  <p><a href=\"https:\/\/www.paranair.com\/es-uy\/\" target=\"_blank\" rel=\"noopener noreferrer\">Go to Paranair's website<\/a><\/p>\n<\/section>\n    <\/div>\n  <\/details>\n\n  <details>\n    <summary>SKY<\/summary>\n    <div class=\"contenido-acordeon\">\n      <section aria-labelledby=\"contact-sky\">\n        <h2 id=\"contact-sky\">SKY<\/h2>\n        <p><strong>Call Center:<\/strong> From 8:00 AM to 11:00 PM<\/p>\n        <p><strong>From Uruguay:<\/strong> <a href=\"tel:+59824004247\">(+598) 2400 4247<\/a><\/p>\n        <p><strong>From mobile or other countries:<\/strong> <a href=\"tel:+56223522845\">(+562) 2352 2845<\/a><\/p>\n        <p><a href=\"https:\/\/www.skyairline.com\" target=\"_blank\" rel=\"noopener noreferrer\">Visit SKY website<\/a><\/p>\n      <\/section>\n    <\/div>\n  <\/details>\n<\/div>\n\t\t\t\t<\/div>\n\t\t\t\t<\/div>\n\t\t\t\t\t<\/div>\n\t\t\t\t<\/div>\n\t\t\t\t\t<\/div>\n\t\t\t\t<\/div>\n\t\t\t\t\t<\/div>\n\t\t\t\t<\/div>\n\t\t\t\t<\/div>\n\t\t","protected":false},"excerpt":{"rendered":"<p>Airlines contact information Aerol\u00edneas Argentinas Email: ventasmvd@aerolineas.com.ar Visit Aerol\u00edneas Argentinas website WhatsApp: (+549) 92 274 767 Monday to Friday from 9:00 AM to 6:00 PM Phone: 26044108 Address: Avda. de las Am\u00e9ricas 5120 Phone: (+598) 2604 0013 Fax: (+598) 2604 0011 ext. 108 Aerom\u00e1s Email: aeromas@aeromas.com Visit Aerom\u00e1s website Location: Carrasco Airport Phone: (+598) 2604&hellip;<\/p>\n","protected":false},"author":1,"featured_media":0,"parent":0,"menu_order":0,"comment_status":"closed","ping_status":"closed","template":"","meta":{"_monsterinsights_skip_tracking":false,"_monsterinsights_sitenote_active":false,"_monsterinsights_sitenote_note":"","_monsterinsights_sitenote_category":0,"footnotes":""},"class_list":["post-13837","page","type-page","status-publish","hentry"],"jetpack_sharing_enabled":true,"_links":{"self":[{"href":"https:\/\/aeropuertodecarrasco.com.uy\/en\/wp-json\/wp\/v2\/pages\/13837","targetHints":{"allow":["GET"]}}],"collection":[{"href":"https:\/\/aeropuertodecarrasco.com.uy\/en\/wp-json\/wp\/v2\/pages"}],"about":[{"href":"https:\/\/aeropuertodecarrasco.com.uy\/en\/wp-json\/wp\/v2\/types\/page"}],"author":[{"embeddable":true,"href":"https:\/\/aeropuertodecarrasco.com.uy\/en\/wp-json\/wp\/v2\/users\/1"}],"replies":[{"embeddable":true,"href":"https:\/\/aeropuertodecarrasco.com.uy\/en\/wp-json\/wp\/v2\/comments?post=13837"}],"version-history":[{"count":5,"href":"https:\/\/aeropuertodecarrasco.com.uy\/en\/wp-json\/wp\/v2\/pages\/13837\/revisions"}],"predecessor-version":[{"id":39221,"href":"https:\/\/aeropuertodecarrasco.com.uy\/en\/wp-json\/wp\/v2\/pages\/13837\/revisions\/39221"}],"wp:attachment":[{"href":"https:\/\/aeropuertodecarrasco.com.uy\/en\/wp-json\/wp\/v2\/media?parent=13837"}],"curies":[{"name":"wp","href":"https:\/\/api.w.org\/{rel}","templated":true}]}}