{"id":13835,"date":"2022-09-09T11:17:09","date_gmt":"2022-09-09T14:17:09","guid":{"rendered":"https:\/\/aeropuertosuruguay.com.uy\/carrasco\/?page_id=13835"},"modified":"2026-02-19T17:55:36","modified_gmt":"2026-02-19T20:55:36","slug":"non-stop-destinations","status":"publish","type":"page","link":"https:\/\/aeropuertodecarrasco.com.uy\/en\/non-stop-destinations\/","title":{"rendered":"Non-Stop Destinations"},"content":{"rendered":"\t\t<div data-elementor-type=\"wp-page\" data-elementor-id=\"13835\" class=\"elementor elementor-13835 elementor-12431\" data-elementor-post-type=\"page\">\n\t\t\t\t<div class=\"elementor-element elementor-element-dd7234e e-flex e-con-boxed e-con e-parent\" data-id=\"dd7234e\" data-element_type=\"container\" data-e-type=\"container\">\n\t\t\t\t\t<div class=\"e-con-inner\">\n\t\t<div class=\"elementor-element elementor-element-111f161 e-con-full e-flex e-con e-child\" data-id=\"111f161\" data-element_type=\"container\" data-e-type=\"container\">\n\t\t\t\t<div class=\"elementor-element elementor-element-450d951 elementor-widget elementor-widget-image\" data-id=\"450d951\" data-element_type=\"widget\" data-e-type=\"widget\" aria-label=\"mapa que muestra las lineas a\u00e9reas conectando Montevideo con otros destinos mundiales\" data-widget_type=\"image.default\">\n\t\t\t\t<div class=\"elementor-widget-container\">\n\t\t\t\t\t\t\t\t\t\t\t\t\t\t\t<img data-recalc-dims=\"1\" fetchpriority=\"high\" decoding=\"async\" width=\"1200\" height=\"635\" src=\"https:\/\/i0.wp.com\/aeropuertodecarrasco.com.uy\/wp-content\/uploads\/2026\/02\/destinos-en-1.jpg?resize=1200%2C635&#038;ssl=1\" class=\"attachment-full size-full wp-image-39670\" alt=\"\" srcset=\"https:\/\/i0.wp.com\/aeropuertodecarrasco.com.uy\/wp-content\/uploads\/2026\/02\/destinos-en-1.jpg?w=1600&amp;ssl=1 1600w, https:\/\/i0.wp.com\/aeropuertodecarrasco.com.uy\/wp-content\/uploads\/2026\/02\/destinos-en-1.jpg?resize=300%2C159&amp;ssl=1 300w, https:\/\/i0.wp.com\/aeropuertodecarrasco.com.uy\/wp-content\/uploads\/2026\/02\/destinos-en-1.jpg?resize=1024%2C541&amp;ssl=1 1024w, https:\/\/i0.wp.com\/aeropuertodecarrasco.com.uy\/wp-content\/uploads\/2026\/02\/destinos-en-1.jpg?resize=768%2C406&amp;ssl=1 768w, https:\/\/i0.wp.com\/aeropuertodecarrasco.com.uy\/wp-content\/uploads\/2026\/02\/destinos-en-1.jpg?resize=1536%2C812&amp;ssl=1 1536w\" sizes=\"(max-width: 1600px) 100vw, 1600px\" \/>\t\t\t\t\t\t\t\t\t\t\t\t\t\t\t<\/div>\n\t\t\t\t<\/div>\n\t\t\t\t<div class=\"elementor-element elementor-element-e2ee136 elementor-widget elementor-widget-spacer\" data-id=\"e2ee136\" data-element_type=\"widget\" data-e-type=\"widget\" data-widget_type=\"spacer.default\">\n\t\t\t\t<div class=\"elementor-widget-container\">\n\t\t\t\t\t\t\t<div class=\"elementor-spacer\">\n\t\t\t<div class=\"elementor-spacer-inner\"><\/div>\n\t\t<\/div>\n\t\t\t\t\t\t<\/div>\n\t\t\t\t<\/div>\n\t\t\t\t<\/div>\n\t\t\t\t\t<\/div>\n\t\t\t\t<\/div>\n\t\t<div class=\"elementor-element elementor-element-fd853b3 e-flex e-con-boxed e-con e-parent\" data-id=\"fd853b3\" data-element_type=\"container\" data-e-type=\"container\">\n\t\t\t\t\t<div class=\"e-con-inner\">\n\t\t\t\t<div class=\"elementor-element elementor-element-bf9c1b5 elementor-widget elementor-widget-html\" data-id=\"bf9c1b5\" data-element_type=\"widget\" data-e-type=\"widget\" data-widget_type=\"html.default\">\n\t\t\t\t<div class=\"elementor-widget-container\">\n\t\t\t\t\t<article>\n                <h4>Direct Destinations Map 2025 - Carrasco Airport (AIC)<\/h4>\n                <ul>\n                    <li><strong>Bogot\u00e1, Colombia:<\/strong> avianca<\/li>\n                    <li><strong>Lima, Per\u00fa:<\/strong> LATAM<\/li>\n                    <li><strong>Recife, Brasil:<\/strong> Azul<\/li>\n                    <li><strong>Salvador de Bah\u00eda, Brasil:<\/strong> SKY<\/li>\n                    <li><strong>R\u00edo de Janeiro, Brasil:<\/strong> JetSMART, SKY, GOL<\/li>\n                    <li><strong>Natal, Brasil:<\/strong> GOL<\/li>\n                    <li><strong>Belo Horizonte, Brasil:<\/strong> Azul, Azul<\/li>\n                    <li><strong>Porto Alegre, Brasil:<\/strong> Azul<\/li>\n                    <li><strong>Sao Pablo, Brasil:<\/strong> LATAM, GOL<\/li>\n                    <li><strong>Fortaleza, Brasil<\/strong> GOL<\/li>\n                    <li><strong>Santiago de Chile, Chile:<\/strong> LATAM, SKY<\/li>\n                    <li><strong>Salto, Uruguay:<\/strong> Paranair<\/li>\n                    <li><strong>Rivera, Uruguay:<\/strong> Paranair<\/li>\n                    <li><strong>Asunci\u00f3n, Paraguay:<\/strong> Paranair<\/li>\n                    <li><strong>Aeroparque, Bs As, Argentina:<\/strong> Aerol\u00edneas Argentinas<\/li>\n                    <li><strong>Madrid, Espa\u00f1a:<\/strong> AirEuropa, IBERIA<\/li>\n                    <li><strong>Miami, EEUU:<\/strong> American Airlines<\/li>\n                    <li><strong>Ciudad de Panam\u00e1, Panam\u00e1:<\/strong> CopaAirlines<\/li>\n                <\/ul>\n                <hr>\n                \n<\/article>\n\t\t\t\t<\/div>\n\t\t\t\t<\/div>\n\t\t\t\t\t<\/div>\n\t\t\t\t<\/div>\n\t\t\t\t<\/div>\n\t\t","protected":false},"excerpt":{"rendered":"<p>Direct Destinations Map 2025 &#8211; Carrasco Airport (AIC) Bogot\u00e1, Colombia: avianca Lima, Per\u00fa: LATAM Recife, Brasil: Azul Salvador de Bah\u00eda, Brasil: SKY R\u00edo de Janeiro, Brasil: JetSMART, SKY, GOL Natal, Brasil: GOL Belo Horizonte, Brasil: Azul, Azul Porto Alegre, Brasil: Azul Sao Pablo, Brasil: LATAM, GOL Fortaleza, Brasil GOL Santiago de Chile, Chile: LATAM, SKY&hellip;<\/p>\n","protected":false},"author":1,"featured_media":0,"parent":0,"menu_order":35,"comment_status":"closed","ping_status":"closed","template":"","meta":{"_monsterinsights_skip_tracking":false,"_monsterinsights_sitenote_active":false,"_monsterinsights_sitenote_note":"","_monsterinsights_sitenote_category":0,"footnotes":""},"class_list":["post-13835","page","type-page","status-publish","hentry"],"jetpack_sharing_enabled":true,"_links":{"self":[{"href":"https:\/\/aeropuertodecarrasco.com.uy\/en\/wp-json\/wp\/v2\/pages\/13835","targetHints":{"allow":["GET"]}}],"collection":[{"href":"https:\/\/aeropuertodecarrasco.com.uy\/en\/wp-json\/wp\/v2\/pages"}],"about":[{"href":"https:\/\/aeropuertodecarrasco.com.uy\/en\/wp-json\/wp\/v2\/types\/page"}],"author":[{"embeddable":true,"href":"https:\/\/aeropuertodecarrasco.com.uy\/en\/wp-json\/wp\/v2\/users\/1"}],"replies":[{"embeddable":true,"href":"https:\/\/aeropuertodecarrasco.com.uy\/en\/wp-json\/wp\/v2\/comments?post=13835"}],"version-history":[{"count":5,"href":"https:\/\/aeropuertodecarrasco.com.uy\/en\/wp-json\/wp\/v2\/pages\/13835\/revisions"}],"predecessor-version":[{"id":39675,"href":"https:\/\/aeropuertodecarrasco.com.uy\/en\/wp-json\/wp\/v2\/pages\/13835\/revisions\/39675"}],"wp:attachment":[{"href":"https:\/\/aeropuertodecarrasco.com.uy\/en\/wp-json\/wp\/v2\/media?parent=13835"}],"curies":[{"name":"wp","href":"https:\/\/api.w.org\/{rel}","templated":true}]}}