{"id":13812,"date":"2022-09-09T10:57:58","date_gmt":"2022-09-09T13:57:58","guid":{"rendered":"https:\/\/aeropuertosuruguay.com.uy\/carrasco\/?page_id=13812"},"modified":"2022-09-21T16:30:01","modified_gmt":"2022-09-21T19:30:01","slug":"easy-airport","status":"publish","type":"page","link":"https:\/\/aeropuertodecarrasco.com.uy\/en\/easy-airport\/","title":{"rendered":"Easy Airport"},"content":{"rendered":"\t\t<div data-elementor-type=\"wp-page\" data-elementor-id=\"13812\" class=\"elementor elementor-13812 elementor-12398\" data-elementor-post-type=\"page\">\n\t\t\t\t\t\t<section class=\"elementor-section elementor-top-section elementor-element elementor-element-1201ebf the7-e-sticky-overlap-yes elementor-hidden-mobile elementor-section-boxed elementor-section-height-default elementor-section-height-default\" data-id=\"1201ebf\" data-element_type=\"section\" data-e-type=\"section\" data-settings=\"{&quot;the7_sticky_row_overlap&quot;:&quot;yes&quot;}\">\n\t\t\t\t\t\t<div class=\"elementor-container elementor-column-gap-no\">\n\t\t\t\t\t<div class=\"elementor-column elementor-col-100 elementor-top-column elementor-element elementor-element-b430189\" data-id=\"b430189\" data-element_type=\"column\" data-e-type=\"column\">\n\t\t\t<div class=\"elementor-widget-wrap elementor-element-populated\">\n\t\t\t\t\t\t<div class=\"elementor-element elementor-element-0eb281c elementor-view-default elementor-widget elementor-widget-icon\" data-id=\"0eb281c\" data-element_type=\"widget\" data-e-type=\"widget\" data-widget_type=\"icon.default\">\n\t\t\t\t<div class=\"elementor-widget-container\">\n\t\t\t\t\t\t\t<div class=\"elementor-icon-wrapper\">\n\t\t\t<div class=\"elementor-icon\">\n\t\t\t<i aria-hidden=\"true\" class=\"fas fa-server\"><\/i>\t\t\t<\/div>\n\t\t<\/div>\n\t\t\t\t\t\t<\/div>\n\t\t\t\t<\/div>\n\t\t\t\t\t<\/div>\n\t\t<\/div>\n\t\t\t\t\t<\/div>\n\t\t<\/section>\n\t\t\t\t<section class=\"elementor-section elementor-top-section elementor-element elementor-element-f80b86f elementor-section-boxed elementor-section-height-default elementor-section-height-default\" data-id=\"f80b86f\" data-element_type=\"section\" data-e-type=\"section\">\n\t\t\t\t\t\t<div class=\"elementor-container elementor-column-gap-no\">\n\t\t\t\t\t<div class=\"elementor-column elementor-col-50 elementor-top-column elementor-element elementor-element-ca388b2\" data-id=\"ca388b2\" data-element_type=\"column\" data-e-type=\"column\">\n\t\t\t<div class=\"elementor-widget-wrap elementor-element-populated\">\n\t\t\t\t\t\t<div class=\"elementor-element elementor-element-c877a51 elementor-widget elementor-widget-image\" data-id=\"c877a51\" data-element_type=\"widget\" data-e-type=\"widget\" data-widget_type=\"image.default\">\n\t\t\t\t<div class=\"elementor-widget-container\">\n\t\t\t\t\t\t\t\t\t\t\t\t\t\t\t<img data-recalc-dims=\"1\" fetchpriority=\"high\" decoding=\"async\" width=\"800\" height=\"533\" src=\"https:\/\/i0.wp.com\/aeropuertodecarrasco.com.uy\/wp-content\/uploads\/2022\/09\/easy_airport.jpg?resize=800%2C533&#038;ssl=1\" class=\"attachment-full size-full wp-image-12424\" alt=\"\" srcset=\"https:\/\/i0.wp.com\/aeropuertodecarrasco.com.uy\/wp-content\/uploads\/2022\/09\/easy_airport.jpg?w=800&amp;ssl=1 800w, https:\/\/i0.wp.com\/aeropuertodecarrasco.com.uy\/wp-content\/uploads\/2022\/09\/easy_airport.jpg?resize=300%2C200&amp;ssl=1 300w, https:\/\/i0.wp.com\/aeropuertodecarrasco.com.uy\/wp-content\/uploads\/2022\/09\/easy_airport.jpg?resize=768%2C512&amp;ssl=1 768w\" sizes=\"(max-width: 800px) 100vw, 800px\" \/>\t\t\t\t\t\t\t\t\t\t\t\t\t\t\t<\/div>\n\t\t\t\t<\/div>\n\t\t\t\t<div class=\"elementor-element elementor-element-44517d5 elementor-widget elementor-widget-spacer\" data-id=\"44517d5\" data-element_type=\"widget\" data-e-type=\"widget\" data-widget_type=\"spacer.default\">\n\t\t\t\t<div class=\"elementor-widget-container\">\n\t\t\t\t\t\t\t<div class=\"elementor-spacer\">\n\t\t\t<div class=\"elementor-spacer-inner\"><\/div>\n\t\t<\/div>\n\t\t\t\t\t\t<\/div>\n\t\t\t\t<\/div>\n\t\t\t\t\t<\/div>\n\t\t<\/div>\n\t\t\t\t<div class=\"elementor-column elementor-col-50 elementor-top-column elementor-element elementor-element-4bfeae4\" data-id=\"4bfeae4\" data-element_type=\"column\" data-e-type=\"column\">\n\t\t\t<div class=\"elementor-widget-wrap elementor-element-populated\">\n\t\t\t\t\t\t<div class=\"elementor-element elementor-element-a0b16bd elementor-widget elementor-widget-text-editor\" data-id=\"a0b16bd\" data-element_type=\"widget\" data-e-type=\"widget\" data-widget_type=\"text-editor.default\">\n\t\t\t\t<div class=\"elementor-widget-container\">\n\t\t\t\t\t\t\t\t\t<p>Easy<strong> Airport<\/strong> es un sistema innovador que permite hacer m\u00e1s \u00e1giles, seguros y eficientes los flujos de pasajeros en los puntos de control de los aeropuertos. Mediante el uso de inteligencia artificial, tecnolog\u00edas self-service y dispositivos IoT (Internet of Things) principalmente, Easy Airport hace posible un proceso auto-gestionado por el pasajero que cuenta con los m\u00e1ximos est\u00e1ndares de seguridad.<br \/><strong>\u00bfC\u00f3mo se realiza?<\/strong><br \/>El procedimiento es muy simple en el arribo. Luego de acceder a la pasarela de Easy Airport y escanear la CI o Pasaporte en la terminal electr\u00f3nica, se selecciona en la pantalla el vuelo por el cual lleg\u00f3, y despu\u00e9s de una foto el tr\u00e1mite queda pronto.<\/p><p><strong>Si ten\u00e9s dudas o consultas sobre el sistema y sus requerimientos, comunicate con nosotros.<\/strong><\/p>\t\t\t\t\t\t\t\t<\/div>\n\t\t\t\t<\/div>\n\t\t\t\t\t<\/div>\n\t\t<\/div>\n\t\t\t\t\t<\/div>\n\t\t<\/section>\n\t\t\t\t<\/div>\n\t\t","protected":false},"excerpt":{"rendered":"<p>Easy Airport es un sistema innovador que permite hacer m\u00e1s \u00e1giles, seguros y eficientes los flujos de pasajeros en los puntos de control de los aeropuertos. Mediante el uso de inteligencia artificial, tecnolog\u00edas self-service y dispositivos IoT (Internet of Things) principalmente, Easy Airport hace posible un proceso auto-gestionado por el pasajero que cuenta con los&hellip;<\/p>\n","protected":false},"author":1,"featured_media":0,"parent":0,"menu_order":35,"comment_status":"closed","ping_status":"closed","template":"","meta":{"_monsterinsights_skip_tracking":false,"_monsterinsights_sitenote_active":false,"_monsterinsights_sitenote_note":"","_monsterinsights_sitenote_category":0,"footnotes":""},"class_list":["post-13812","page","type-page","status-publish","hentry"],"jetpack_sharing_enabled":true,"_links":{"self":[{"href":"https:\/\/aeropuertodecarrasco.com.uy\/en\/wp-json\/wp\/v2\/pages\/13812","targetHints":{"allow":["GET"]}}],"collection":[{"href":"https:\/\/aeropuertodecarrasco.com.uy\/en\/wp-json\/wp\/v2\/pages"}],"about":[{"href":"https:\/\/aeropuertodecarrasco.com.uy\/en\/wp-json\/wp\/v2\/types\/page"}],"author":[{"embeddable":true,"href":"https:\/\/aeropuertodecarrasco.com.uy\/en\/wp-json\/wp\/v2\/users\/1"}],"replies":[{"embeddable":true,"href":"https:\/\/aeropuertodecarrasco.com.uy\/en\/wp-json\/wp\/v2\/comments?post=13812"}],"version-history":[{"count":0,"href":"https:\/\/aeropuertodecarrasco.com.uy\/en\/wp-json\/wp\/v2\/pages\/13812\/revisions"}],"wp:attachment":[{"href":"https:\/\/aeropuertodecarrasco.com.uy\/en\/wp-json\/wp\/v2\/media?parent=13812"}],"curies":[{"name":"wp","href":"https:\/\/api.w.org\/{rel}","templated":true}]}}